{"id":5071,"date":"2025-11-26T21:33:49","date_gmt":"2025-11-27T02:33:49","guid":{"rendered":"https:\/\/globaltechservices.com.pe\/?post_type=product&#038;p=5071"},"modified":"2025-11-26T21:50:53","modified_gmt":"2025-11-27T02:50:53","slug":"impresora-multifuncional-jetperfect-320","status":"publish","type":"product","link":"https:\/\/globaltechservices.com.pe\/?product=impresora-multifuncional-jetperfect-320","title":{"rendered":"Impresora Multifuncional JetPerfect 320"},"content":{"rendered":"<p>La <strong data-start=\"856\" data-end=\"874\">JetPerfect 320<\/strong> ofrece impresi\u00f3n a color, copiado y escaneo en un solo equipo. Perfecta para tareas del hogar, trabajos escolares o peque\u00f1os emprendimientos. Su tecnolog\u00eda de inyecci\u00f3n de tinta asegura colores vivos y textos claros. Adem\u00e1s, su funcionamiento es sencillo gracias a su panel t\u00e1ctil b\u00e1sico y conectividad inal\u00e1mbrica para imprimir desde el celular o laptop.<\/p>\n","protected":false},"excerpt":{"rendered":"<p>Multifuncional a color con impresi\u00f3n, copiado y escaneo. Pr\u00e1ctica y f\u00e1cil de usar.<\/p>\n","protected":false},"featured_media":5072,"template":"","meta":[],"product_brand":[],"product_cat":[93,81],"product_tag":[],"class_list":{"0":"post-5071","1":"product","2":"type-product","3":"status-publish","4":"has-post-thumbnail","6":"product_cat-impresion-productos-usados","7":"product_cat-productos-usados","9":"first","10":"instock","11":"shipping-taxable","12":"purchasable","13":"product-type-simple"},"acf":[],"_links":{"self":[{"href":"https:\/\/globaltechservices.com.pe\/index.php?rest_route=\/wp\/v2\/product\/5071","targetHints":{"allow":["GET"]}}],"collection":[{"href":"https:\/\/globaltechservices.com.pe\/index.php?rest_route=\/wp\/v2\/product"}],"about":[{"href":"https:\/\/globaltechservices.com.pe\/index.php?rest_route=\/wp\/v2\/types\/product"}],"wp:featuredmedia":[{"embeddable":true,"href":"https:\/\/globaltechservices.com.pe\/index.php?rest_route=\/wp\/v2\/media\/5072"}],"wp:attachment":[{"href":"https:\/\/globaltechservices.com.pe\/index.php?rest_route=%2Fwp%2Fv2%2Fmedia&parent=5071"}],"wp:term":[{"taxonomy":"product_brand","embeddable":true,"href":"https:\/\/globaltechservices.com.pe\/index.php?rest_route=%2Fwp%2Fv2%2Fproduct_brand&post=5071"},{"taxonomy":"product_cat","embeddable":true,"href":"https:\/\/globaltechservices.com.pe\/index.php?rest_route=%2Fwp%2Fv2%2Fproduct_cat&post=5071"},{"taxonomy":"product_tag","embeddable":true,"href":"https:\/\/globaltechservices.com.pe\/index.php?rest_route=%2Fwp%2Fv2%2Fproduct_tag&post=5071"}],"curies":[{"name":"wp","href":"https:\/\/api.w.org\/{rel}","templated":true}]}}