{"id":5073,"date":"2025-11-26T21:34:55","date_gmt":"2025-11-27T02:34:55","guid":{"rendered":"https:\/\/globaltechservices.com.pe\/?post_type=product&#038;p=5073"},"modified":"2025-11-26T22:00:10","modified_gmt":"2025-11-27T03:00:10","slug":"impresora-ecosmart-inkmax-500","status":"publish","type":"product","link":"https:\/\/globaltechservices.com.pe\/?product=impresora-ecosmart-inkmax-500","title":{"rendered":"Impresora EcoSmart InkMax 500"},"content":{"rendered":"<p>La <strong data-start=\"1449\" data-end=\"1472\">EcoSmart InkMax 500<\/strong> est\u00e1 dise\u00f1ada para usuarios que buscan ahorro a largo plazo. Utiliza un sistema de tinta continua que ofrece un costo por p\u00e1gina muy bajo, ideal para negocios, oficinas o estudiantes que imprimen bastante. Permite imprimir a color, escanear y copiar, manteniendo buena calidad y un rendimiento sobresaliente por carga de tinta.<\/p>\n","protected":false},"excerpt":{"rendered":"<p>Multifuncional con sistema de tinta continua, econ\u00f3mica y de alto rendimiento.<\/p>\n","protected":false},"featured_media":5074,"template":"","meta":[],"product_brand":[],"product_cat":[93,81],"product_tag":[],"class_list":{"0":"post-5073","1":"product","2":"type-product","3":"status-publish","4":"has-post-thumbnail","6":"product_cat-impresion-productos-usados","7":"product_cat-productos-usados","9":"first","10":"instock","11":"shipping-taxable","12":"purchasable","13":"product-type-simple"},"acf":[],"_links":{"self":[{"href":"https:\/\/globaltechservices.com.pe\/index.php?rest_route=\/wp\/v2\/product\/5073","targetHints":{"allow":["GET"]}}],"collection":[{"href":"https:\/\/globaltechservices.com.pe\/index.php?rest_route=\/wp\/v2\/product"}],"about":[{"href":"https:\/\/globaltechservices.com.pe\/index.php?rest_route=\/wp\/v2\/types\/product"}],"wp:featuredmedia":[{"embeddable":true,"href":"https:\/\/globaltechservices.com.pe\/index.php?rest_route=\/wp\/v2\/media\/5074"}],"wp:attachment":[{"href":"https:\/\/globaltechservices.com.pe\/index.php?rest_route=%2Fwp%2Fv2%2Fmedia&parent=5073"}],"wp:term":[{"taxonomy":"product_brand","embeddable":true,"href":"https:\/\/globaltechservices.com.pe\/index.php?rest_route=%2Fwp%2Fv2%2Fproduct_brand&post=5073"},{"taxonomy":"product_cat","embeddable":true,"href":"https:\/\/globaltechservices.com.pe\/index.php?rest_route=%2Fwp%2Fv2%2Fproduct_cat&post=5073"},{"taxonomy":"product_tag","embeddable":true,"href":"https:\/\/globaltechservices.com.pe\/index.php?rest_route=%2Fwp%2Fv2%2Fproduct_tag&post=5073"}],"curies":[{"name":"wp","href":"https:\/\/api.w.org\/{rel}","templated":true}]}}